{"id":1332,"date":"2021-04-30T23:03:31","date_gmt":"2021-04-30T21:03:31","guid":{"rendered":"https:\/\/podbijamy.pl\/?page_id=1332"},"modified":"2021-05-01T00:50:10","modified_gmt":"2021-04-30T22:50:10","slug":"1332-2","status":"publish","type":"page","link":"https:\/\/podbijamy.pl\/?page_id=1332","title":{"rendered":"Promowanie Og\u0142osze\u0144 Nieruchomo\u015bci"},"content":{"rendered":"\n<div class=\"wp-block-getwid-section alignfull alignfull getwid-section-content-custom-width\"><div class=\"wp-block-getwid-section__wrapper\" style=\"padding-right:2px\"><div class=\"wp-block-getwid-section__inner-wrapper\" style=\"max-width:2000px\"><div class=\"wp-block-getwid-section__background-holder\"><div class=\"wp-block-getwid-section__background has-background has-primary-background-color\"><\/div><div class=\"wp-block-getwid-section__foreground\"><\/div><\/div><div class=\"wp-block-getwid-section__content\"><div class=\"wp-block-getwid-section__inner-content\">\n<div class=\"wp-block-getwid-media-text-slider slider-dark wp-block-getwid-media-text-slider--current-slide-1 has-arrows-outside has-dots-outside\" data-labels=\"[&quot;Slide 1&quot;,&quot;Slide 2&quot;]\" data-animation=\"fadeIn\" data-duration=\"1500ms\" data-delay=\"0ms\"><div class=\"wp-block-getwid-media-text-slider__slides-wrapper\"><div class=\"wp-block-getwid-media-text-slider__content\" data-slide-autoplay=\"false\" data-slide-pause-on-hover=\"true\" data-slide-autoplay-speed=\"5000\" data-slide-speed=\"1000\" data-infinite=\"true\">\n<div style=\"min-height:550px\" class=\"wp-block-getwid-media-text-slider-slide wp-block-getwid-media-text-slider-slide__content-wrapper slide-1\"><div style=\"min-height:550px\" class=\"wp-block-getwid-media-text-slider-slide__content\">\n<div style=\"max-width:1166px\" class=\"wp-block-getwid-media-text-slider-slide-content\"><figure class=\"wp-block-getwid-media-text-slider-slide-content__media\"><img loading=\"lazy\" decoding=\"async\" width=\"2560\" height=\"1920\" src=\"https:\/\/podbijamy.pl\/wp-content\/uploads\/2021\/04\/pexels-energepiccom-313691-scaled.jpg\" alt=\"\" class=\"wp-block-getwid-media-text-slider-slide-content__image wp-image-1333\" srcset=\"https:\/\/podbijamy.pl\/wp-content\/uploads\/2021\/04\/pexels-energepiccom-313691-scaled.jpg 2560w, https:\/\/podbijamy.pl\/wp-content\/uploads\/2021\/04\/pexels-energepiccom-313691-300x225.jpg 300w, https:\/\/podbijamy.pl\/wp-content\/uploads\/2021\/04\/pexels-energepiccom-313691-1024x768.jpg 1024w, https:\/\/podbijamy.pl\/wp-content\/uploads\/2021\/04\/pexels-energepiccom-313691-768x576.jpg 768w, https:\/\/podbijamy.pl\/wp-content\/uploads\/2021\/04\/pexels-energepiccom-313691-1536x1152.jpg 1536w, https:\/\/podbijamy.pl\/wp-content\/uploads\/2021\/04\/pexels-energepiccom-313691-2048x1536.jpg 2048w, https:\/\/podbijamy.pl\/wp-content\/uploads\/2021\/04\/pexels-energepiccom-313691-938x704.jpg 938w, https:\/\/podbijamy.pl\/wp-content\/uploads\/2021\/04\/pexels-energepiccom-313691-1130x848.jpg 1130w\" sizes=\"auto, (max-width: 2560px) 100vw, 2560px\" \/><div class=\"wp-block-getwid-media-text-slider-slide-content__media-overlay\" style=\"opacity:0.3\"><\/div><\/figure><div class=\"wp-block-getwid-media-text-slider-slide-content__content\"><div class=\"wp-block-getwid-media-text-slider-slide-content__content-wrapper\">\n<h1 class=\"has-primary-color has-text-color wp-block-heading\" style=\"font-size:63px\"><strong>Prowadzisz biuro nieruchomo\u015bci?<\/strong><\/h1>\n\n\n\n<p class=\"has-light-violet-color has-text-color has-normal-font-size\">Dodamy wszystkie Twoje og\u0142oszenia na portal z nieruchomo\u015bciami oraz b\u0119dziemy je codziennie aktualizowa\u0107!<\/p>\n<\/div><\/div><\/div>\n<\/div><\/div>\n\n\n\n<div style=\"min-height:550px\" class=\"wp-block-getwid-media-text-slider-slide wp-block-getwid-media-text-slider-slide__content-wrapper slide-2\"><div style=\"min-height:550px\" class=\"wp-block-getwid-media-text-slider-slide__content\">\n<div style=\"max-width:1166px\" class=\"wp-block-getwid-media-text-slider-slide-content\"><figure class=\"wp-block-getwid-media-text-slider-slide-content__media\"><img loading=\"lazy\" decoding=\"async\" width=\"1920\" height=\"1081\" src=\"https:\/\/podbijamy.pl\/wp-content\/uploads\/2021\/04\/pexels-kindel-media-7578866-1.jpg\" alt=\"\" class=\"wp-block-getwid-media-text-slider-slide-content__image wp-image-1342\" srcset=\"https:\/\/podbijamy.pl\/wp-content\/uploads\/2021\/04\/pexels-kindel-media-7578866-1.jpg 1920w, https:\/\/podbijamy.pl\/wp-content\/uploads\/2021\/04\/pexels-kindel-media-7578866-1-300x169.jpg 300w, https:\/\/podbijamy.pl\/wp-content\/uploads\/2021\/04\/pexels-kindel-media-7578866-1-1024x577.jpg 1024w, https:\/\/podbijamy.pl\/wp-content\/uploads\/2021\/04\/pexels-kindel-media-7578866-1-768x432.jpg 768w, https:\/\/podbijamy.pl\/wp-content\/uploads\/2021\/04\/pexels-kindel-media-7578866-1-1536x865.jpg 1536w, https:\/\/podbijamy.pl\/wp-content\/uploads\/2021\/04\/pexels-kindel-media-7578866-1-938x528.jpg 938w, https:\/\/podbijamy.pl\/wp-content\/uploads\/2021\/04\/pexels-kindel-media-7578866-1-1130x636.jpg 1130w\" sizes=\"auto, (max-width: 1920px) 100vw, 1920px\" \/><div class=\"wp-block-getwid-media-text-slider-slide-content__media-overlay\" style=\"opacity:0.3\"><\/div><\/figure><div class=\"wp-block-getwid-media-text-slider-slide-content__content\"><div class=\"wp-block-getwid-media-text-slider-slide-content__content-wrapper\">\n<h1 class=\"has-primary-color has-text-color wp-block-heading\" style=\"font-size:64px\"><strong>Potrzebujesz nowoczesnych<\/strong> <strong>metod?<\/strong><\/h1>\n\n\n\n<p class=\"has-light-violet-color has-text-color has-normal-font-size\">Wypromujemy Twoje nieruchomo\u015bci na portalach og\u0142oszeniowych!<\/p>\n<\/div><\/div><\/div>\n<\/div><\/div>\n<\/div><\/div><\/div>\n\n\n\n<div class=\"wp-block-getwid-section\" style=\"margin-top:100px\"><div class=\"wp-block-getwid-section__wrapper\" style=\"padding-top:1px\"><div class=\"wp-block-getwid-section__inner-wrapper\"><div class=\"wp-block-getwid-section__background-holder\"><div class=\"wp-block-getwid-section__background\"><\/div><div class=\"wp-block-getwid-section__foreground\"><\/div><\/div><div class=\"wp-block-getwid-section__content\"><div class=\"wp-block-getwid-section__inner-content\">\n<div class=\"wp-block-getwid-advanced-heading has-custom-font-size\" id=\"868670146539\" style=\"font-size:34px\"><h2 class=\"wp-block-getwid-advanced-heading__content\" style=\"text-align:center;padding-bottom:80px\">Wypromujemy Twoje Og\u0142oszenia!<\/h2><\/div>\n\n\n\n<div class=\"wp-block-columns is-layout-flex wp-container-core-columns-is-layout-9d6595d7 wp-block-columns-is-layout-flex\">\n<div class=\"wp-block-column is-layout-flow wp-block-column-is-layout-flow\">\n<div class=\"wp-block-getwid-image-box getwid-animation has-text-center has-mobile-layout-default has-mobile-alignment-default\" data-animation=\"pulse\"><div class=\"wp-block-getwid-image-box__image-container is-position-top\"><div class=\"wp-block-getwid-image-box__image-wrapper\"><img loading=\"lazy\" decoding=\"async\" width=\"88\" height=\"77\" src=\"https:\/\/podbijamy.pl\/wp-content\/uploads\/2019\/04\/icons_service4.png\" alt=\"\" class=\"wp-block-getwid-image-box__image wp-image-44\"\/><\/div><\/div><div class=\"wp-block-getwid-image-box__content\">\n<h3 class=\"wp-block-heading\">1. Automatycznie<\/h3>\n\n\n\n<p class=\"has-text-align-left has-normal-font-size\">Wszystkim zajmujemy si\u0119 my! Dzi\u0119ki temu oszcz\u0119dzasz czas kt\u00f3ry mo\u017cesz po\u015bwi\u0119ci\u0107 na sw\u00f3j biznes i przyjemno\u015bci!<\/p>\n<\/div><\/div>\n<\/div>\n\n\n\n<div class=\"wp-block-column is-layout-flow wp-block-column-is-layout-flow\">\n<div class=\"wp-block-getwid-image-box has-text-center has-mobile-layout-default has-mobile-alignment-default\"><div class=\"wp-block-getwid-image-box__image-container is-position-top\"><div class=\"wp-block-getwid-image-box__image-wrapper\"><img loading=\"lazy\" decoding=\"async\" width=\"88\" height=\"77\" src=\"https:\/\/podbijamy.pl\/wp-content\/uploads\/2019\/04\/icons_service2-copy.png\" alt=\"\" class=\"wp-block-getwid-image-box__image wp-image-42\"\/><\/div><\/div><div class=\"wp-block-getwid-image-box__content\">\n<h3 class=\"wp-block-heading\">2. Codziennie<\/h3>\n\n\n\n<p class=\"has-text-align-left\">Wszystkie Twoje og\u0142oszenia b\u0119dziemy od\u015bwie\u017cali oraz dodawali codziennie! Wszystkie Twoje oferty zawsze aktualne!<\/p>\n<\/div><\/div>\n<\/div>\n\n\n\n<div class=\"wp-block-column is-layout-flow wp-block-column-is-layout-flow\">\n<div class=\"wp-block-getwid-image-box has-text-center has-mobile-layout-default has-mobile-alignment-default\"><div class=\"wp-block-getwid-image-box__image-container is-position-top\"><div class=\"wp-block-getwid-image-box__image-wrapper\"><img loading=\"lazy\" decoding=\"async\" width=\"88\" height=\"77\" src=\"https:\/\/podbijamy.pl\/wp-content\/uploads\/2019\/04\/icons_service1.png\" alt=\"\" class=\"wp-block-getwid-image-box__image wp-image-41\"\/><\/div><\/div><div class=\"wp-block-getwid-image-box__content\">\n<h3 class=\"wp-block-heading\">3. Skutecznie<\/h3>\n\n\n\n<p class=\"has-text-align-left\">Dzi\u0119ki codziennym aktualizacjom Twoje <strong>og\u0142oszenia ka\u017cdego dnia b\u0119d\u0105 ponownie na szczycie listy<\/strong>, dzi\u0119ki czemu otrzymasz znacznie wi\u0119cej odpowiedzi!<\/p>\n<\/div><\/div>\n<\/div>\n<\/div>\n<\/div><\/div><\/div><\/div><\/div>\n<\/div><\/div><\/div><\/div><\/div>\n\n\n\n<div class=\"wp-block-getwid-section alignfull getwid-anim bounceIn getwid-section-content-full-width\" data-wow-duration=\"1500ms\" data-wow-delay=\"200ms\"><div class=\"wp-block-getwid-section__wrapper getwid-padding-top-normal getwid-padding-bottom-normal\" style=\"padding-right:0px\"><div class=\"wp-block-getwid-section__inner-wrapper\"><div class=\"wp-block-getwid-section__background-holder\"><div class=\"wp-block-getwid-section__background has-background has-light-gray-background-color\"><\/div><div class=\"wp-block-getwid-section__foreground\"><\/div><\/div><div class=\"wp-block-getwid-section__content\"><div class=\"wp-block-getwid-section__inner-content\">\n<div class=\"wp-block-getwid-advanced-heading has-custom-font-size\" id=\"fd1242ed78c8\" style=\"font-size:34px\"><h2 class=\"wp-block-getwid-advanced-heading__content\" style=\"text-align:center;padding-top:15px;padding-bottom:50px;padding-left:15px;padding-right:15px\">Podbijamy Twoje oferty!<\/h2><\/div>\n\n\n\n<div class=\"wp-block-getwid-section\"><div class=\"wp-block-getwid-section__wrapper\"><div class=\"wp-block-getwid-section__inner-wrapper\"><div class=\"wp-block-getwid-section__background-holder\"><div class=\"wp-block-getwid-section__background\"><\/div><div class=\"wp-block-getwid-section__foreground\"><\/div><\/div><div class=\"wp-block-getwid-section__content\"><div class=\"wp-block-getwid-section__inner-content\">\n<div class=\"wp-block-getwid-progress-bar\"><div class=\"wp-block-getwid-progress-bar__wrapper\" data-fill-amount=\"71\" data-is-animated=\"true\"><div class=\"wp-block-getwid-progress-bar__header\"><p class=\"wp-block-getwid-progress-bar__title\"><span class=\"has-inline-color has-dark-blue-color\"><strong>Czy wiesz jaki procent klient\u00f3w przegl\u0105da wy\u0142\u0105cznie pierwsz\u0105 stron\u0119 wynik\u00f3w?<\/strong><\/span><\/p><span class=\"wp-block-getwid-progress-bar__percent\">71%<\/span><\/div><div class=\"wp-block-getwid-progress-bar__bar\"><div class=\"wp-block-getwid-progress-bar__progress has-text-color has-light-violet-color\" style=\"width:0%\"><\/div><\/div><\/div><\/div>\n\n\n\n<div style=\"height:20px\" aria-hidden=\"true\" class=\"wp-block-spacer\"><\/div>\n\n\n\n<p>Zgodnie z badaniami <a href=\"https:\/\/moz.com\/blog\/google-organic-click-through-rates-in-2014\">Google organic desktop search study<\/a> wi\u0119kszo\u015b\u0107 klient\u00f3w przegl\u0105da tylko i wy\u0142\u0105cznie pierwsz\u0105 stron\u0119 wynik\u00f3w wyszukiwania. Dlatego oferty na pierwszej stronie maj\u0105 najwi\u0119cej wy\u015bwietle\u0144, telefon\u00f3w oraz maili! Jak sprawi\u0107 by to nasze og\u0142oszenia si\u0119 tam pokazywa\u0142y?<\/p>\n<\/div><\/div><\/div><\/div><\/div>\n<\/div><\/div><\/div><\/div><\/div>\n\n\n\n<div class=\"wp-block-getwid-section getwid-section-content-full-width\" style=\"margin-top:100px\"><div class=\"wp-block-getwid-section__wrapper\"><div class=\"wp-block-getwid-section__inner-wrapper\"><div class=\"wp-block-getwid-section__background-holder\"><div class=\"wp-block-getwid-section__background\"><\/div><div class=\"wp-block-getwid-section__foreground\"><\/div><\/div><div class=\"wp-block-getwid-section__content\"><div class=\"wp-block-getwid-section__inner-content\">\n<div class=\"wp-block-getwid-advanced-heading has-custom-font-size\" id=\"132d682f215e\" style=\"font-size:34px\"><h2 class=\"wp-block-getwid-advanced-heading__content\" style=\"text-align:center;padding-top:15px;padding-bottom:50px;padding-left:15px;padding-right:15px\">Jak pozyska\u0107 wi\u0119cej klient\u00f3w na nieruchomo\u015bci?<\/h2><\/div>\n\n\n\n<p>Dodajemy Twoje nowe og\u0142oszenia oraz podbijamy aktualne co 24 godziny, dzi\u0119ki czemu ka\u017cdego dnia znajduj\u0105 si\u0119 one ponownie na szczycie listy oraz generuj\u0105 wi\u0119cej sprzeda\u017cy. Co od nas otrzymujesz?<\/p>\n\n\n\n<div style=\"height:50px\" aria-hidden=\"true\" class=\"wp-block-spacer\"><\/div>\n\n\n\n<div class=\"wp-block-getwid-content-timeline\" data-animation=\"none\" data-filling=\"true\"><div class=\"wp-block-getwid-content-timeline__line\"><div class=\"wp-block-getwid-content-timeline__bar\"><\/div><\/div><div class=\"wp-block-getwid-content-timeline__wrapper\">\n<div class=\"wp-block-getwid-content-timeline-item\"><div class=\"wp-block-getwid-content-timeline-item__wrapper\"><div class=\"wp-block-getwid-content-timeline-item__card\"><div class=\"wp-block-getwid-content-timeline-item__card-wrapper\"><div class=\"wp-block-getwid-content-timeline-item__content-wrapper\"><div class=\"wp-block-getwid-content-timeline-item__mobile-meta\"><p class=\"wp-block-getwid-content-timeline-item__meta-content\">Dzi\u0119ki czemu Twoje og\u0142oszenia s\u0105 zawsze aktualne!<\/p><\/div>\n<h3 class=\"wp-block-heading\">Dodajemy Twoje oferty na portale og\u0142oszeniowe!<\/h3>\n<\/div><\/div><\/div><div class=\"wp-block-getwid-content-timeline-item__point\"><div class=\"wp-block-getwid-content-timeline-item__point-content\"><\/div><\/div><div class=\"wp-block-getwid-content-timeline-item__meta\"><p class=\"wp-block-getwid-content-timeline-item__meta-content\">Dzi\u0119ki czemu Twoje og\u0142oszenia s\u0105 zawsze aktualne!<\/p><\/div><\/div><\/div>\n\n\n\n<div class=\"wp-block-getwid-content-timeline-item\"><div class=\"wp-block-getwid-content-timeline-item__wrapper\"><div class=\"wp-block-getwid-content-timeline-item__card\"><div class=\"wp-block-getwid-content-timeline-item__card-wrapper\"><div class=\"wp-block-getwid-content-timeline-item__content-wrapper\"><div class=\"wp-block-getwid-content-timeline-item__mobile-meta\"><p class=\"wp-block-getwid-content-timeline-item__meta-content\">Wszystkie Twoje oferty zn\u00f3w na pierwszej stronie wynik\u00f3w wyszukiwania!<\/p><\/div>\n<h3 class=\"wp-block-heading\">Podbijamy Twoje og\u0142oszenia co 24h!<\/h3>\n<\/div><\/div><\/div><div class=\"wp-block-getwid-content-timeline-item__point\"><div class=\"wp-block-getwid-content-timeline-item__point-content\"><\/div><\/div><div class=\"wp-block-getwid-content-timeline-item__meta\"><p class=\"wp-block-getwid-content-timeline-item__meta-content\">Wszystkie Twoje oferty zn\u00f3w na pierwszej stronie wynik\u00f3w wyszukiwania!<\/p><\/div><\/div><\/div>\n\n\n\n<div class=\"wp-block-getwid-content-timeline-item\"><div class=\"wp-block-getwid-content-timeline-item__wrapper\"><div class=\"wp-block-getwid-content-timeline-item__card\"><div class=\"wp-block-getwid-content-timeline-item__card-wrapper\"><div class=\"wp-block-getwid-content-timeline-item__content-wrapper\"><div class=\"wp-block-getwid-content-timeline-item__mobile-meta\"><p class=\"wp-block-getwid-content-timeline-item__meta-content\">Dodatkowo oszcz\u0119dzasz czas kt\u00f3ry mo\u017cesz teraz skupi\u0107 na przyjemno\u015bciach oraz rozwijaniu swojego biznesu! <\/p><\/div>\n<h3 class=\"wp-block-heading\">Zwi\u0119kszasz liczb\u0119 wy\u015bwietle\u0144, odbiorc\u00f3w oraz klient\u00f3w!<\/h3>\n<\/div><\/div><\/div><div class=\"wp-block-getwid-content-timeline-item__point\"><div class=\"wp-block-getwid-content-timeline-item__point-content\"><\/div><\/div><div class=\"wp-block-getwid-content-timeline-item__meta\"><p class=\"wp-block-getwid-content-timeline-item__meta-content\">Dodatkowo oszcz\u0119dzasz czas kt\u00f3ry mo\u017cesz teraz skupi\u0107 na przyjemno\u015bciach oraz rozwijaniu swojego biznesu! <\/p><\/div><\/div><\/div>\n<\/div><\/div>\n\n\n\n<div style=\"height:50px\" aria-hidden=\"true\" class=\"wp-block-spacer\"><\/div>\n<\/div><\/div><\/div><\/div><\/div>\n\n\n\n<div id=\"kontakt\" class=\"wp-block-getwid-section alignfull\"><div class=\"wp-block-getwid-section__wrapper\"><div class=\"wp-block-getwid-section__inner-wrapper\"><div class=\"wp-block-getwid-section__background-holder\"><div class=\"wp-block-getwid-section__background\"><\/div><div class=\"wp-block-getwid-section__foreground\"><\/div><\/div><div class=\"wp-block-getwid-section__content\"><div class=\"wp-block-getwid-section__inner-content\">\n<div class=\"wp-block-getwid-image-box has-image-left has-text-left has-mobile-layout-column has-mobile-alignment-default\"><div class=\"wp-block-getwid-image-box__image-container is-position-middle\"><div class=\"wp-block-getwid-image-box__image-wrapper\"><img loading=\"lazy\" decoding=\"async\" width=\"1920\" height=\"1683\" src=\"https:\/\/podbijamy.pl\/wp-content\/uploads\/2019\/04\/home_get-in-touch1.png\" alt=\"\" class=\"wp-block-getwid-image-box__image wp-image-329\" srcset=\"https:\/\/podbijamy.pl\/wp-content\/uploads\/2019\/04\/home_get-in-touch1.png 1920w, https:\/\/podbijamy.pl\/wp-content\/uploads\/2019\/04\/home_get-in-touch1-300x263.png 300w, https:\/\/podbijamy.pl\/wp-content\/uploads\/2019\/04\/home_get-in-touch1-1024x898.png 1024w, https:\/\/podbijamy.pl\/wp-content\/uploads\/2019\/04\/home_get-in-touch1-768x673.png 768w, https:\/\/podbijamy.pl\/wp-content\/uploads\/2019\/04\/home_get-in-touch1-1536x1346.png 1536w, https:\/\/podbijamy.pl\/wp-content\/uploads\/2019\/04\/home_get-in-touch1-938x822.png 938w, https:\/\/podbijamy.pl\/wp-content\/uploads\/2019\/04\/home_get-in-touch1-1130x991.png 1130w\" sizes=\"auto, (max-width: 1920px) 100vw, 1920px\" \/><\/div><\/div><div class=\"wp-block-getwid-image-box__content\">\n<div class=\"wp-block-getwid-section getwid-section-content-custom-width\"><div class=\"wp-block-getwid-section__wrapper getwid-padding-top-normal getwid-justify-content-flex-start\"><div class=\"wp-block-getwid-section__inner-wrapper\" style=\"max-width:510px\"><div class=\"wp-block-getwid-section__background-holder\"><div class=\"wp-block-getwid-section__background\"><\/div><div class=\"wp-block-getwid-section__foreground\"><\/div><\/div><div class=\"wp-block-getwid-section__content\"><div class=\"wp-block-getwid-section__inner-content\">\n<div class=\"wp-block-getwid-advanced-heading has-custom-font-size\" style=\"font-size:24px;margin-bottom:5px\"><span class=\"wp-block-getwid-advanced-heading__content\" style=\"font-family:&quot;Work Sans&quot;;font-weight:200;line-height:1em\">Masz pytania? Chcesz z\u0142o\u017cy\u0107 zam\u00f3wienie?<\/span><\/div>\n\n\n\n<div class=\"wp-block-getwid-advanced-heading has-custom-font-size\" style=\"font-size:33px;margin-bottom:50px\"><h2 class=\"wp-block-getwid-advanced-heading__content\" style=\"line-height:1em\">Skontaktuj si\u0119 z nami! <\/h2><\/div>\n\n\n        <div class='wp-block-getwid-contact-form'>\r\n            <form class='wp-block-getwid-contact-form__form'>\r\n    \n        <p class='wp-block-getwid-field-name'>\r\n\t    <label\r\n        for='name-6a0070c720429'\r\n        class='wp-block-getwid-field-name__label'\r\n    >Imi\u0119<\/label>\r\n\t    <input id='name-6a0070c720429' type='text' name='name'\r\n                    required=''\r\n            \/>\r\n<\/p>\n\n        <p class='wp-block-getwid-field-email'>\r\n\t    <label\r\n\t\tfor='email-6a0070c720888'\r\n        class='wp-block-getwid-field-email__label'\r\n    >Email <\/label>\r\n\t    <input id='email-6a0070c720888' type='email' name='email'             required=''    \/>\r\n<\/p>\n\n        <p class='wp-block-getwid-field-textarea'>\r\n\t    <label\r\n\t\tfor='message-6a0070c720b87'\r\n        class='wp-block-getwid-field-textarea__label'\r\n    >Wiadomo\u015b\u0107<\/label>\r\n\t    <textarea\r\n\t\tid='message-6a0070c720b87' rows='5' name='message'            required=''\r\n            ><\/textarea>\r\n<\/p>\n\r\n    <input name='subject'             value='zaypytanie'\t\ttype='hidden'\r\n\t\/>\r\n\r\n\t<p class='wp-block-getwid-contact-form__result'><\/p>\r\n\r\n\t<div class='wp-block-getwid-contact-form__submit'>\r\n\t\t<div class='wp-block-button'>\r\n\t\t\t<button\r\n\t\t\t\ttype='submit'\r\n\t\t\t\tclass='wp-block-button__link '\t\t\t\t\tstyle=''\t\t\t>WY\u015aLIJ ZAPYTANIE<\/button>\r\n\t\t<\/div>\r\n\r\n\t<\/div>\r\n<\/form>        <\/div><\/div><\/div><\/div><\/div><\/div>\n<\/div><\/div>\n<\/div><\/div><\/div><\/div><\/div>\n","protected":false},"excerpt":{"rendered":"","protected":false},"author":1,"featured_media":0,"parent":0,"menu_order":0,"comment_status":"closed","ping_status":"closed","template":"template-front-page.php","meta":{"footnotes":""},"class_list":["post-1332","page","type-page","status-publish","hentry"],"yoast_head":"<!-- This site is optimized with the Yoast SEO plugin v15.8 - https:\/\/yoast.com\/wordpress\/plugins\/seo\/ -->\n<title>Promowanie Og\u0142osze\u0144 Nieruchomo\u015bci ~ Podbijamy.pl<\/title>\n<meta name=\"robots\" content=\"index, follow, max-snippet:-1, max-image-preview:large, max-video-preview:-1\" \/>\n<link rel=\"canonical\" href=\"https:\/\/podbijamy.pl\/?page_id=1332\" \/>\n<meta property=\"og:locale\" content=\"pl_PL\" \/>\n<meta property=\"og:type\" content=\"article\" \/>\n<meta property=\"og:title\" content=\"Promowanie Og\u0142osze\u0144 Nieruchomo\u015bci ~ Podbijamy.pl\" \/>\n<meta property=\"og:url\" content=\"https:\/\/podbijamy.pl\/?page_id=1332\" \/>\n<meta property=\"og:site_name\" content=\"Podbijamy.pl\" \/>\n<meta property=\"article:publisher\" content=\"https:\/\/www.facebook.com\/podbijamypl\" \/>\n<meta property=\"article:modified_time\" content=\"2021-04-30T22:50:10+00:00\" \/>\n<meta property=\"og:image\" content=\"https:\/\/podbijamy.pl\/wp-content\/uploads\/2021\/04\/pexels-energepiccom-313691-scaled.jpg\" \/>\n<meta name=\"twitter:card\" content=\"summary_large_image\" \/>\n<meta name=\"twitter:label1\" content=\"Est. reading time\">\n\t<meta name=\"twitter:data1\" content=\"3 minuty\">\n<script type=\"application\/ld+json\" class=\"yoast-schema-graph\">{\"@context\":\"https:\/\/schema.org\",\"@graph\":[{\"@type\":\"WebSite\",\"@id\":\"https:\/\/podbijamy.pl\/#website\",\"url\":\"https:\/\/podbijamy.pl\/\",\"name\":\"Podbijamy.pl\",\"description\":\"promujemy og\\u0142oszenia nieruchomo\\u015bci\",\"potentialAction\":[{\"@type\":\"SearchAction\",\"target\":\"https:\/\/podbijamy.pl\/?s={search_term_string}\",\"query-input\":\"required name=search_term_string\"}],\"inLanguage\":\"pl-PL\"},{\"@type\":\"ImageObject\",\"@id\":\"https:\/\/podbijamy.pl\/?page_id=1332#primaryimage\",\"inLanguage\":\"pl-PL\",\"url\":\"https:\/\/podbijamy.pl\/wp-content\/uploads\/2021\/04\/pexels-energepiccom-313691-scaled.jpg\",\"width\":2560,\"height\":1920},{\"@type\":\"WebPage\",\"@id\":\"https:\/\/podbijamy.pl\/?page_id=1332#webpage\",\"url\":\"https:\/\/podbijamy.pl\/?page_id=1332\",\"name\":\"Promowanie Og\\u0142osze\\u0144 Nieruchomo\\u015bci ~ Podbijamy.pl\",\"isPartOf\":{\"@id\":\"https:\/\/podbijamy.pl\/#website\"},\"primaryImageOfPage\":{\"@id\":\"https:\/\/podbijamy.pl\/?page_id=1332#primaryimage\"},\"datePublished\":\"2021-04-30T21:03:31+00:00\",\"dateModified\":\"2021-04-30T22:50:10+00:00\",\"breadcrumb\":{\"@id\":\"https:\/\/podbijamy.pl\/?page_id=1332#breadcrumb\"},\"inLanguage\":\"pl-PL\",\"potentialAction\":[{\"@type\":\"ReadAction\",\"target\":[\"https:\/\/podbijamy.pl\/?page_id=1332\"]}]},{\"@type\":\"BreadcrumbList\",\"@id\":\"https:\/\/podbijamy.pl\/?page_id=1332#breadcrumb\",\"itemListElement\":[{\"@type\":\"ListItem\",\"position\":1,\"item\":{\"@type\":\"WebPage\",\"@id\":\"https:\/\/podbijamy.pl\/\",\"url\":\"https:\/\/podbijamy.pl\/\",\"name\":\"Strona g\\u0142\\u00f3wna\"}},{\"@type\":\"ListItem\",\"position\":2,\"item\":{\"@type\":\"WebPage\",\"@id\":\"https:\/\/podbijamy.pl\/?page_id=1332\",\"url\":\"https:\/\/podbijamy.pl\/?page_id=1332\",\"name\":\"Promowanie Og\\u0142osze\\u0144 Nieruchomo\\u015bci\"}}]}]}<\/script>\n<!-- \/ Yoast SEO plugin. -->","_links":{"self":[{"href":"https:\/\/podbijamy.pl\/index.php?rest_route=\/wp\/v2\/pages\/1332","targetHints":{"allow":["GET"]}}],"collection":[{"href":"https:\/\/podbijamy.pl\/index.php?rest_route=\/wp\/v2\/pages"}],"about":[{"href":"https:\/\/podbijamy.pl\/index.php?rest_route=\/wp\/v2\/types\/page"}],"author":[{"embeddable":true,"href":"https:\/\/podbijamy.pl\/index.php?rest_route=\/wp\/v2\/users\/1"}],"replies":[{"embeddable":true,"href":"https:\/\/podbijamy.pl\/index.php?rest_route=%2Fwp%2Fv2%2Fcomments&post=1332"}],"version-history":[{"count":44,"href":"https:\/\/podbijamy.pl\/index.php?rest_route=\/wp\/v2\/pages\/1332\/revisions"}],"predecessor-version":[{"id":1416,"href":"https:\/\/podbijamy.pl\/index.php?rest_route=\/wp\/v2\/pages\/1332\/revisions\/1416"}],"wp:attachment":[{"href":"https:\/\/podbijamy.pl\/index.php?rest_route=%2Fwp%2Fv2%2Fmedia&parent=1332"}],"curies":[{"name":"wp","href":"https:\/\/api.w.org\/{rel}","templated":true}]}}