{"id":1431,"date":"2021-10-28T22:07:42","date_gmt":"2021-10-28T20:07:42","guid":{"rendered":"https:\/\/podbijamy.pl\/?page_id=1431"},"modified":"2021-10-28T22:08:44","modified_gmt":"2021-10-28T20:08:44","slug":"oprogramowanie-dla-biur-nieruchomosci","status":"publish","type":"page","link":"https:\/\/podbijamy.pl\/?page_id=1431","title":{"rendered":"Oprogramowanie Dla Biur Nieruchomo\u015bci"},"content":{"rendered":"\n<div style=\"height:100px\" aria-hidden=\"true\" class=\"wp-block-spacer\"><\/div>\n\n\n\n<h2 class=\"has-text-align-center wp-block-heading\" id=\"80ebf298354a\">Wypromuj swoje nieruchomo\u015bci!<\/h2>\n\n\n\n<p class=\"has-text-align-center\">zyskaj nawet:<\/p>\n\n\n\n<div class=\"wp-block-columns is-layout-flex wp-container-core-columns-is-layout-9d6595d7 wp-block-columns-is-layout-flex\">\n<div class=\"wp-block-column is-layout-flow wp-block-column-is-layout-flow\">\n<div class=\"wp-block-getwid-icon-box has-text-center\"><div class=\"wp-block-getwid-icon-box__icon-container is-position-top\"><div class=\"wp-block-getwid-icon-box__icon-wrapper has-text-color has-light-violet-color\"><i class=\"fas fa-chart-line\"><\/i><\/div><\/div><div class=\"wp-block-getwid-icon-box__content\">\n<h3 class=\"has-light-violet-color has-text-color wp-block-heading\">61x wi\u0119cej<\/h3>\n\n\n\n<p class=\"has-dark-blue-color has-text-color\">wy\u015bwietle\u0144<\/p>\n<\/div><\/div>\n<\/div>\n\n\n\n<div class=\"wp-block-column is-layout-flow wp-block-column-is-layout-flow\">\n<div class=\"wp-block-getwid-icon-box has-text-center\"><div class=\"wp-block-getwid-icon-box__icon-container is-position-top\"><div class=\"wp-block-getwid-icon-box__icon-wrapper has-text-color has-light-violet-color\"><i class=\"fas fa-phone-volume\"><\/i><\/div><\/div><div class=\"wp-block-getwid-icon-box__content\">\n<h3 class=\"has-light-violet-color has-text-color wp-block-heading\">13x wi\u0119cej<\/h3>\n\n\n\n<p class=\"has-dark-blue-color has-text-color\">telefon\u00f3w od klient\u00f3w<\/p>\n<\/div><\/div>\n<\/div>\n\n\n\n<div class=\"wp-block-column is-layout-flow wp-block-column-is-layout-flow\">\n<div class=\"wp-block-getwid-icon-box has-text-center\"><div class=\"wp-block-getwid-icon-box__icon-container is-position-top\"><div class=\"wp-block-getwid-icon-box__icon-wrapper has-text-color has-light-violet-color\"><i class=\"fas fa-comments-dollar\"><\/i><\/div><\/div><div class=\"wp-block-getwid-icon-box__content\">\n<h3 class=\"has-light-violet-color has-text-color wp-block-heading\">10x wi\u0119cej<\/h3>\n\n\n\n<p class=\"has-dark-blue-color has-text-color\">podpisanych um\u00f3w<\/p>\n<\/div><\/div>\n<\/div>\n<\/div>\n\n\n\n<div style=\"height:100px\" aria-hidden=\"true\" class=\"wp-block-spacer\"><\/div>\n\n\n\n<h2 class=\"has-text-align-center wp-block-heading\" id=\"db4b2730d800\">W jaki spos\u00f3b wypromowa\u0107 swoje og\u0142oszenia z nieruchomo\u015bciami?<\/h2>\n\n\n\n<p class=\"has-text-align-center\">Nasze nowoczesne oprogramowanie dla biur nieruchomo\u015bci b\u0119dzie automatycznie publikowa\u0107 og\u0142oszenia z Twoimi ofertami. Ka\u017cdego dnia og\u0142oszenia b\u0119d\u0105 publikowane na pierwszej pozycji, dzi\u0119ki czemu w skali miesi\u0105ca zyskasz ponad 61 razy wi\u0119cej wy\u015bwietle\u0144 oraz kontakt\u00f3w od zainteresowanych klient\u00f3w!<\/p>\n\n\n\n<p><\/p>\n\n\n\n<div style=\"height:100px\" aria-hidden=\"true\" class=\"wp-block-spacer\"><\/div>\n\n\n\n<div class=\"wp-block-cover has-background-dim-90 has-light-blue-background-color has-background-dim\" style=\"min-height:300px;aspect-ratio:unset;\"><img loading=\"lazy\" decoding=\"async\" width=\"1920\" height=\"1683\" class=\"wp-block-cover__image-background wp-image-329\" alt=\"\" src=\"https:\/\/podbijamy.pl\/wp-content\/uploads\/2019\/04\/home_get-in-touch1.png\" style=\"object-position:48% 0%\" data-object-fit=\"cover\" data-object-position=\"48% 0%\" srcset=\"https:\/\/podbijamy.pl\/wp-content\/uploads\/2019\/04\/home_get-in-touch1.png 1920w, https:\/\/podbijamy.pl\/wp-content\/uploads\/2019\/04\/home_get-in-touch1-300x263.png 300w, https:\/\/podbijamy.pl\/wp-content\/uploads\/2019\/04\/home_get-in-touch1-1024x898.png 1024w, https:\/\/podbijamy.pl\/wp-content\/uploads\/2019\/04\/home_get-in-touch1-768x673.png 768w, https:\/\/podbijamy.pl\/wp-content\/uploads\/2019\/04\/home_get-in-touch1-1536x1346.png 1536w, https:\/\/podbijamy.pl\/wp-content\/uploads\/2019\/04\/home_get-in-touch1-938x822.png 938w, https:\/\/podbijamy.pl\/wp-content\/uploads\/2019\/04\/home_get-in-touch1-1130x991.png 1130w\" sizes=\"auto, (max-width: 1920px) 100vw, 1920px\" \/><div class=\"wp-block-cover__inner-container is-layout-flow wp-block-cover-is-layout-flow\">\n<p class=\"has-text-align-center has-dark-blue-color has-text-color has-huge-font-size\">CODZIENNIE NA PIERWSZEJ POZYCJI!<\/p>\n<\/div><\/div>\n\n\n\n<div style=\"height:100px\" aria-hidden=\"true\" class=\"wp-block-spacer\"><\/div>\n\n\n\n<p class=\"has-text-align-center\">Zaktualizujemy wszystkie Twoje og\u0142oszenia na portalu og\u0142oszeniowym co:<\/p>\n\n\n\r\n\t\t<div class=\"wp-block-getwid-countdown\" >\r\n\t\t\t\t\t<div class=\"wp-block-getwid-countdown__wrapper\" >\r\n\t\t\t\t<div class=\"wp-block-getwid-countdown__content\"\r\n\t\t\t\t\t data-datetime=\"+0y +0o +1d +0h +0m +0s\"      data-hours=\"1\" data-minutes=\"1\" data-seconds=\"1\">\r\n\t\t\t\t<\/div>\r\n\t\t\t<\/div>\r\n\t\t<\/div>\r\n\r\n\t\t\n\n\n<p class=\"has-text-align-center\">Wszystko ca\u0142kowicie automatycznie! Nasza firma zajmie si\u0119 ca\u0142ym procesem od A do Z!<\/p>\n\n\n\n<div style=\"height:100px\" aria-hidden=\"true\" class=\"wp-block-spacer\"><\/div>\n\n\n\n<p class=\"has-text-align-center\">Zostaw dane kontaktowe a przedstawimy Tobie ofert\u0119!<\/p>\n\n\n<div class=\"wpforms-container wpforms-container-full\" id=\"wpforms-1427\"><form id=\"wpforms-form-1427\" class=\"wpforms-validate wpforms-form wpforms-ajax-form\" data-formid=\"1427\" method=\"post\" enctype=\"multipart\/form-data\" action=\"\/index.php?rest_route=%2Fwp%2Fv2%2Fpages%2F1431\" data-token=\"d3f89a966f03b22ed2f1bfbaada789da\"><noscript class=\"wpforms-error-noscript\">Please enable JavaScript in your browser to complete this form.<\/noscript><div class=\"wpforms-field-container\"><div id=\"wpforms-1427-field_0-container\" class=\"wpforms-field wpforms-field-name\" data-field-id=\"0\"><label class=\"wpforms-field-label\" for=\"wpforms-1427-field_0\">Imi\u0119 i naziwsko <span class=\"wpforms-required-label\">*<\/span><\/label><input type=\"text\" id=\"wpforms-1427-field_0\" class=\"wpforms-field-medium wpforms-field-required\" name=\"wpforms[fields][0]\" required><\/div><div id=\"wpforms-1427-field_1-container\" class=\"wpforms-field wpforms-field-email\" data-field-id=\"1\"><label class=\"wpforms-field-label\" for=\"wpforms-1427-field_1\">Email <span class=\"wpforms-required-label\">*<\/span><\/label><input type=\"email\" id=\"wpforms-1427-field_1\" class=\"wpforms-field-medium wpforms-field-required\" name=\"wpforms[fields][1]\" required><\/div><div id=\"wpforms-1427-field_2-container\" class=\"wpforms-field wpforms-field-textarea\" data-field-id=\"2\"><label class=\"wpforms-field-label\" for=\"wpforms-1427-field_2\">Wiadomo\u015b\u0107 <span class=\"wpforms-required-label\">*<\/span><\/label><textarea id=\"wpforms-1427-field_2\" class=\"wpforms-field-medium wpforms-field-required\" name=\"wpforms[fields][2]\" required><\/textarea><\/div><\/div><div class=\"wpforms-submit-container\" ><input type=\"hidden\" name=\"wpforms[id]\" value=\"1427\"><input type=\"hidden\" name=\"wpforms[author]\" value=\"1\"><button type=\"submit\" name=\"wpforms[submit]\" class=\"wpforms-submit \" id=\"wpforms-submit-1427\" value=\"wpforms-submit\" aria-live=\"assertive\" data-alt-text=\"Wysy\u0142anie...\" data-submit-text=\"Wy\u015bij\">Wy\u015bij<\/button><img loading=\"lazy\" decoding=\"async\" src=\"https:\/\/podbijamy.pl\/wp-content\/plugins\/wpforms-lite\/assets\/images\/submit-spin.svg\" class=\"wpforms-submit-spinner\" style=\"display: none;\" width=\"26\" height=\"26\" alt=\"\"><\/div><\/form><\/div>  <!-- .wpforms-container -->","protected":false},"excerpt":{"rendered":"<p>Wypromuj swoje nieruchomo\u015bci! zyskaj nawet: W jaki spos\u00f3b wypromowa\u0107 swoje og\u0142oszenia z nieruchomo\u015bciami? Nasze nowoczesne oprogramowanie dla biur nieruchomo\u015bci b\u0119dzie automatycznie publikowa\u0107 og\u0142oszenia z Twoimi [&hellip;]<\/p>\n","protected":false},"author":1,"featured_media":0,"parent":0,"menu_order":0,"comment_status":"closed","ping_status":"closed","template":"template-front-page.php","meta":{"footnotes":""},"class_list":["post-1431","page","type-page","status-publish","hentry"],"yoast_head":"<!-- This site is optimized with the Yoast SEO plugin v15.8 - https:\/\/yoast.com\/wordpress\/plugins\/seo\/ -->\n<title>Oprogramowanie Dla Biur Nieruchomo\u015bci ~ Podbijamy.pl<\/title>\n<meta name=\"robots\" content=\"index, follow, max-snippet:-1, max-image-preview:large, max-video-preview:-1\" \/>\n<link rel=\"canonical\" href=\"https:\/\/podbijamy.pl\/?page_id=1431\" \/>\n<meta property=\"og:locale\" content=\"pl_PL\" \/>\n<meta property=\"og:type\" content=\"article\" \/>\n<meta property=\"og:title\" content=\"Oprogramowanie Dla Biur Nieruchomo\u015bci ~ Podbijamy.pl\" \/>\n<meta property=\"og:description\" content=\"Wypromuj swoje nieruchomo\u015bci! zyskaj nawet: W jaki spos\u00f3b wypromowa\u0107 swoje og\u0142oszenia z nieruchomo\u015bciami? Nasze nowoczesne oprogramowanie dla biur nieruchomo\u015bci b\u0119dzie automatycznie publikowa\u0107 og\u0142oszenia z Twoimi [&hellip;]\" \/>\n<meta property=\"og:url\" content=\"https:\/\/podbijamy.pl\/?page_id=1431\" \/>\n<meta property=\"og:site_name\" content=\"Podbijamy.pl\" \/>\n<meta property=\"article:publisher\" content=\"https:\/\/www.facebook.com\/podbijamypl\" \/>\n<meta property=\"article:modified_time\" content=\"2021-10-28T20:08:44+00:00\" \/>\n<meta property=\"og:image\" content=\"https:\/\/podbijamy.pl\/wp-content\/uploads\/2019\/04\/home_get-in-touch1.png\" \/>\n<meta name=\"twitter:card\" content=\"summary_large_image\" \/>\n<meta name=\"twitter:label1\" content=\"Est. reading time\">\n\t<meta name=\"twitter:data1\" content=\"1 minuta\">\n<script type=\"application\/ld+json\" class=\"yoast-schema-graph\">{\"@context\":\"https:\/\/schema.org\",\"@graph\":[{\"@type\":\"WebSite\",\"@id\":\"https:\/\/podbijamy.pl\/#website\",\"url\":\"https:\/\/podbijamy.pl\/\",\"name\":\"Podbijamy.pl\",\"description\":\"promujemy og\\u0142oszenia nieruchomo\\u015bci\",\"potentialAction\":[{\"@type\":\"SearchAction\",\"target\":\"https:\/\/podbijamy.pl\/?s={search_term_string}\",\"query-input\":\"required name=search_term_string\"}],\"inLanguage\":\"pl-PL\"},{\"@type\":\"ImageObject\",\"@id\":\"https:\/\/podbijamy.pl\/?page_id=1431#primaryimage\",\"inLanguage\":\"pl-PL\",\"url\":\"https:\/\/podbijamy.pl\/wp-content\/uploads\/2019\/04\/home_get-in-touch1.png\",\"width\":1920,\"height\":1683},{\"@type\":\"WebPage\",\"@id\":\"https:\/\/podbijamy.pl\/?page_id=1431#webpage\",\"url\":\"https:\/\/podbijamy.pl\/?page_id=1431\",\"name\":\"Oprogramowanie Dla Biur Nieruchomo\\u015bci ~ Podbijamy.pl\",\"isPartOf\":{\"@id\":\"https:\/\/podbijamy.pl\/#website\"},\"primaryImageOfPage\":{\"@id\":\"https:\/\/podbijamy.pl\/?page_id=1431#primaryimage\"},\"datePublished\":\"2021-10-28T20:07:42+00:00\",\"dateModified\":\"2021-10-28T20:08:44+00:00\",\"breadcrumb\":{\"@id\":\"https:\/\/podbijamy.pl\/?page_id=1431#breadcrumb\"},\"inLanguage\":\"pl-PL\",\"potentialAction\":[{\"@type\":\"ReadAction\",\"target\":[\"https:\/\/podbijamy.pl\/?page_id=1431\"]}]},{\"@type\":\"BreadcrumbList\",\"@id\":\"https:\/\/podbijamy.pl\/?page_id=1431#breadcrumb\",\"itemListElement\":[{\"@type\":\"ListItem\",\"position\":1,\"item\":{\"@type\":\"WebPage\",\"@id\":\"https:\/\/podbijamy.pl\/\",\"url\":\"https:\/\/podbijamy.pl\/\",\"name\":\"Strona g\\u0142\\u00f3wna\"}},{\"@type\":\"ListItem\",\"position\":2,\"item\":{\"@type\":\"WebPage\",\"@id\":\"https:\/\/podbijamy.pl\/?page_id=1431\",\"url\":\"https:\/\/podbijamy.pl\/?page_id=1431\",\"name\":\"Oprogramowanie Dla Biur Nieruchomo\\u015bci\"}}]}]}<\/script>\n<!-- \/ Yoast SEO plugin. -->","_links":{"self":[{"href":"https:\/\/podbijamy.pl\/index.php?rest_route=\/wp\/v2\/pages\/1431","targetHints":{"allow":["GET"]}}],"collection":[{"href":"https:\/\/podbijamy.pl\/index.php?rest_route=\/wp\/v2\/pages"}],"about":[{"href":"https:\/\/podbijamy.pl\/index.php?rest_route=\/wp\/v2\/types\/page"}],"author":[{"embeddable":true,"href":"https:\/\/podbijamy.pl\/index.php?rest_route=\/wp\/v2\/users\/1"}],"replies":[{"embeddable":true,"href":"https:\/\/podbijamy.pl\/index.php?rest_route=%2Fwp%2Fv2%2Fcomments&post=1431"}],"version-history":[{"count":14,"href":"https:\/\/podbijamy.pl\/index.php?rest_route=\/wp\/v2\/pages\/1431\/revisions"}],"predecessor-version":[{"id":1446,"href":"https:\/\/podbijamy.pl\/index.php?rest_route=\/wp\/v2\/pages\/1431\/revisions\/1446"}],"wp:attachment":[{"href":"https:\/\/podbijamy.pl\/index.php?rest_route=%2Fwp%2Fv2%2Fmedia&parent=1431"}],"curies":[{"name":"wp","href":"https:\/\/api.w.org\/{rel}","templated":true}]}}